{"id":582,"date":"2024-11-05T10:21:55","date_gmt":"2024-11-05T10:21:55","guid":{"rendered":"https:\/\/caritas.hospital\/?page_id=582"},"modified":"2026-03-04T15:01:54","modified_gmt":"2026-03-04T15:01:54","slug":"mass-media","status":"publish","type":"page","link":"https:\/\/caritas.hospital\/index.php\/mass-media\/","title":{"rendered":"MASS-MEDIA"},"content":{"rendered":"<div>\n<h2 role=\"heading\">ACCESUL MASS-MEDIA SI ACORDAREA INTERVIURILOR<\/h2>\n<p><strong>ACCES MASS \u2013MEDIA<\/strong><\/p>\n<p>Nici un reprezentant al mass-media nu are voie sa patrunda in incinta spitalului decat cu acordul conducerii, in urma unei solicitari scrise sau telefonice si cu permis de vizitare.<\/p>\n<p>Reprezentantii mass-media vor fi pe parcursul vizitei insotiti permanent de un reprezentant al spitalului. Accesul in sectiile\/ compartimentele spitalului va fi restrictionat si acordat doar cu avizul sefului de comp.<\/p>\n<p>Pentru reprezentan\u0163ii mass-media, accesul \u00een unitate se realizeaza numai pe baza legitimatiei de acreditare \u015fi a c\u0103r\u0163ii de identitate sau cu acordul Managerului. Pentru obtinerea acordului de interviu, anterior, reprezentantii mass-media vor face o solicitare scrisa \u00een vederea ob\u0163inerii acordului de principiu al pacientului \u015fi al Managerului. Managerul va stabili locurile \u015fi condi\u0163iile \u00een care se va putea filma cu ocazia luarii unui interviu unui pacient, \u00een conditiile respect\u0103rii drepturilor pacientului la intimitate. Va trebui s\u0103 existe acordul pacientului (consemnat \u00een scris de catre acesta) pentru a se putea realiza un interviu pacientului. Interviul se va desfasura \u00eentr-un spatiu care s\u0103 nu afecteze refacerea sau odihna altor pacien\u0163i, stabilit de seful de comp \u015fi aprobat de Manager.<\/p>\n<p>Legatura dintre spital si mass media este asigurata de purtatorul de cuvant al spitalului, desemnat prin decizie. Purt\u0103torul de cuvant desemnat va realiza \u015fi va asigura transmiterea mesajelor conducerii spitalului referitor la situa\u0163ia creat\u0103 de acordarea interviului, fie prin interviu fie prin postarea pe site-ul spitalului. \u00cen virtutea dreptului la informare, exist\u0103 posibilitatea ca pentru un pacient s\u0103 se solicite de catre mass-media luarea unui interviu. Pentru a se respecta confidentialitatea actului medical \u015fi a datelor referitoare la starea pacientilor spitalului, se interzice divulgarea informatiilor despre starea medical\u0103 a unui pacient, aceasta put\u00e2ndu-se realiza doar cu acceptul scris al acestuia. Dac\u0103 exista acceptul pacientului, purtatorul de cuvant desemnat va contacta seful comp.\/ medicul curant al pacientului pentru a obtine datele generale despre starea pacientului \u00een cauza \u015fi va oferi o scurta descriere a starii sau a evolutiei starii de sanatate, cum ar fi: pacientul este \u00een \u201cstare grava\u201d, \u201cstabil\u201d, \u201cevolutia este favorabila\/nefavorabila\u201d etc.<\/p>\n<p>Ziaristii acreditati au acces la biroul Managerului \u015fi \u00een sala precizata pentru sus\u0163inerea conferintei de presa.<\/p>\n<p>Ziaristii acreditati pot solicita organizarea unor \u00eentalniri, dezbateri \u015fi conferinte de presa cu persoanele din conducerea spitalului.<\/p>\n<p>Ziaristii acreditati nu pot interveni, sub nici o forma, \u00een desfasurarea comisiilor medicale de lucru \u015fi au obligatia sa se alinieze normelor deontologice din domeniu . Liber acces la informatiile de interes public Spitalul are obligatia s\u0103 comunice din oficiu urmatoarele informatii de interes public:<\/p>\n<ul>\n<li>documentele care reglementeaz\u0103 organizarea si functionarea spitalului<\/li>\n<li>structura organizatorica, atributiile departamentelor, programul de functionare, programul de audiente cu managerul spitalului;<\/li>\n<li>numele si prenumele persoanelor din conducerea spitalului si ale responsabilului cu difuzarea informatiilor publice; d) coordonatele de contact ale spitalului respectiv: denumirea, sediul, numerele de telefon, fax, adresa de e-mail si adresa paginii web<\/li>\n<\/ul>\n<p><strong>Acordarea interviurilor<\/strong><\/p>\n<p>Interviurile \u00een cadrul spitalului vor fi acordate numai de catre purtatorul de cuv\u00e2nt cu respectarea urmatoarelor reguli:<\/p>\n<ul>\n<li>declaratiile referitoare la o persoana se vor face respectand drepturile si libert\u0103tile fundamentale ale omului .<\/li>\n<li>nu se vor face referiri discriminatorii la originea etnic\u0103, nationalitatea, rasa sau religia unei persoane precum si un eventual handicap al acestuia.<\/li>\n<li>informatii cu privire la persoane aflate sub tratament, date cu caracter personal privind starea de s\u0103n\u0103tate, probleme de diagnostic, prognostic, tratament, circumstante \u00een legatura cu boala si cu alte diverse fapte, se vor pune la dispozitia reprezentantilor mass-media numai cu acordul persoanei sau \u00een cazul unui persoane fara discernamant ori decedata, cu acordul familiei sau apartinatorilor. Responsabilul cu mass-media va \u00eensoti reprezentantii mass-media \u00een cazul \u00een care acestia doresc intervievarea unui pacient, dar va permite acest lucru numai dup\u0103 ce pacientul va da acordul \u00een scris cu privire la intervievarea sa. Acordurile \u00een scris vizavi de oferirea informatiilor cu privire la starea de sanatate, medicamentatie, tratament, conditie fizica, etc, sau cu privire la luarea unor interviuri sub forma de \u00eenregistrare audio\/video sau poza, se vor da pe formular \u201dAcord \u00een scris al pacientului\u201d. Responsabilul cu mass-media va avea grij\u0103 ca deplasarea reprezentantilor mass-media \u00een incinta spitalului s\u0103 se faca numai cu ecuson si halat corespunzator. Purtatorul de cuvant va sesiza Managerul imediat ce observa filmari cu camera ascunsa sau a unor interviuri \u00eenregistrate cu echipamente audio ascunse de c\u0103tre reprezentantii massmedia.<\/li>\n<\/ul>\n<\/div>\n<h5><a href=\"https:\/\/caritas.hospital\/index.php\/2026\/03\/04\/comunicat-de-presa-construire-si-dotare-centru-de-ingrijiri-paliative-in-cadrul-spitalului-municipal-caritas\/\">COMUNICAT DE PRESA \u2013 \u201eConstruire si dotare Centru de ingrijiri paliative in cadrul Spitalului Municipal Caritas\u201d <strong>COD SMIS: 348149\u00a0 \u00a0 \u00a0 \u00a0 25.11.2025<\/strong><\/a><\/h5>\n<p><a href=\"https:\/\/caritas.hospital\/index.php\/2026\/01\/26\/descriere-proiect-construire-si-dotare-centru-de-ingrijiri-paliative-in-cadrul-spitalului-municipal-caritas-25-11-2025\/\">Descriere proiect Construire si dotare Centru de ingrijiri paliative in cadrul Spitalului Municipal Caritas \u2013 25.11.2025<\/a><\/p>\n<h5><a href=\"https:\/\/caritas.hospital\/index.php\/2025\/07\/29\/comunicat-de-presa-digitalizarea-activitatii-spitalului-municipal-caritas\/\">COMUNICAT DE PRES\u0102-\u201eDigitalizarea activit\u0103\u021bii Spitalului Municipal Caritas\u201d <strong>Cod proiect: <\/strong>PNRR\/2023\/C7\/MS\/ I3.3<\/a><\/h5>\n<h5><a href=\"https:\/\/caritas.hospital\/index.php\/2025\/05\/13\/dotarea-laboratorului-de-microbiologie-din-cadrul-spitalului-municipal-caritas\/\">Comunicat de presa privind lansarea proiectului \u201eDotarea laboratorului de microbiologie din cadrul Spitalului Municipal CARITAS\u201d cod SMIS <strong>328870\u00a0<\/strong><\/a><\/h5>\n<p><a href=\"https:\/\/caritas.hospital\/index.php\/2025\/07\/28\/descriere-proiect-dotarea-laboratorului-de-microbiologie-din-cadrul-spitalului-municipal-caritas\/\">Descriere proiect:Dotarea laboratorului de microbiologie din cadrul Spitalului Municipal CARITAS<\/a><\/p>\n<h5><\/h5>\n<h5><a href=\"https:\/\/caritas.hospital\/index.php\/2024\/11\/05\/comunicat-de-presa-dotarea-spitalului-municipal-caritas\/\">Comunicat de pres\u0103 privind lansarea proiectului \u201dDotarea SPITALULUI MUNICIPAL CARITAS Ro\u0219iorii de Vede \u00een vederea cre\u0219terii capacit\u0103\u021bii de gestionare a crizei Covid \u2013 19\u201d, cod SMIS 141212<\/a><\/h5>\n<p>\u00a0<\/p>\n","protected":false},"excerpt":{"rendered":"<p>ACCESUL MASS-MEDIA SI ACORDAREA INTERVIURILOR ACCES MASS \u2013MEDIA Nici un reprezentant al mass-media nu are voie sa patrunda in incinta spitalului decat cu acordul conducerii, in urma unei solicitari scrise sau telefonice si cu permis de vizitare. Reprezentantii mass-media vor fi pe parcursul vizitei insotiti permanent de un reprezentant al spitalului. Accesul in sectiile\/ compartimentele [&hellip;]<\/p>\n","protected":false},"author":1,"featured_media":0,"parent":0,"menu_order":0,"comment_status":"closed","ping_status":"closed","template":"","meta":{"footnotes":""},"class_list":["post-582","page","type-page","status-publish","hentry"],"jetpack_sharing_enabled":true,"_links":{"self":[{"href":"https:\/\/caritas.hospital\/index.php\/wp-json\/wp\/v2\/pages\/582","targetHints":{"allow":["GET"]}}],"collection":[{"href":"https:\/\/caritas.hospital\/index.php\/wp-json\/wp\/v2\/pages"}],"about":[{"href":"https:\/\/caritas.hospital\/index.php\/wp-json\/wp\/v2\/types\/page"}],"author":[{"embeddable":true,"href":"https:\/\/caritas.hospital\/index.php\/wp-json\/wp\/v2\/users\/1"}],"replies":[{"embeddable":true,"href":"https:\/\/caritas.hospital\/index.php\/wp-json\/wp\/v2\/comments?post=582"}],"version-history":[{"count":11,"href":"https:\/\/caritas.hospital\/index.php\/wp-json\/wp\/v2\/pages\/582\/revisions"}],"predecessor-version":[{"id":7974,"href":"https:\/\/caritas.hospital\/index.php\/wp-json\/wp\/v2\/pages\/582\/revisions\/7974"}],"wp:attachment":[{"href":"https:\/\/caritas.hospital\/index.php\/wp-json\/wp\/v2\/media?parent=582"}],"curies":[{"name":"wp","href":"https:\/\/api.w.org\/{rel}","templated":true}]}}