{"id":98,"date":"2024-10-15T11:28:58","date_gmt":"2024-10-15T11:28:58","guid":{"rendered":"https:\/\/caritas.hospital\/?page_id=98"},"modified":"2025-02-26T12:37:25","modified_gmt":"2025-02-26T12:37:25","slug":"declaratie-de-accesibilitate","status":"publish","type":"page","link":"https:\/\/caritas.hospital\/index.php\/declaratie-de-accesibilitate\/","title":{"rendered":"Declaratie de accesibilitate"},"content":{"rendered":"<p><img fetchpriority=\"high\" decoding=\"async\" class=\"size-medium wp-image-99 alignright\" src=\"https:\/\/caritas.hospital\/wp-content\/uploads\/2024\/10\/acesibillity-300x169.webp\" alt=\"\" width=\"300\" height=\"169\" srcset=\"https:\/\/caritas.hospital\/wp-content\/uploads\/2024\/10\/acesibillity-300x169.webp 300w, https:\/\/caritas.hospital\/wp-content\/uploads\/2024\/10\/acesibillity-768x432.webp 768w, https:\/\/caritas.hospital\/wp-content\/uploads\/2024\/10\/acesibillity.webp 770w\" sizes=\"(max-width: 300px) 100vw, 300px\" \/><\/p>\n<h3>General<\/h3>\n<p>Spitalul Municipal Caritas \u2013 Rosiori de Vede, prin site-ul\u00a0<a href=\"http:\/\/www.caritas.hospital\">http:\/\/www<\/a><a href=\"http:\/\/www.caritas.hospital\">.caritas.hospital<\/a> se str\u0103duie\u0219te s\u0103 se asigure c\u0103 serviciile sale sunt accesibile pentru persoanele cu dizabilit\u0103\u021bi. Se fac eforturi continue pentru a ajuta la asigurarea faptului c\u0103 acesta este mai u\u0219or de utilizat \u0219i mai accesibil pentru aceste persoane.<\/p>\n<h3>Accesibilitate<\/h3>\n<p>Site-ul <a href=\"http:\/\/www.caritas.hospital\">http:\/\/www<\/a><a href=\"http:\/\/www.caritas.hospital\">.caritas.hospital<\/a>\u00a0este alimentat de un server de accesibilitate dedicat. Programul permite site-ului s\u0103-\u0219i \u00eembun\u0103t\u0103\u021beasc\u0103 conformitatea cu Ghidul de accesibilitate pentru con\u021binutul web (WCAG 2.1).<\/p>\n<h3>Instrumente de accesibilitate<\/h3>\n<p>Meniul de accesibilitate pe site-ul <a href=\"http:\/\/www.caritas.hospital\">http:\/\/www<\/a><a href=\"http:\/\/www.caritas.hospital\">.caritas.hospital<\/a>\u00a0poate fi activat f\u0103c\u00e2nd click pe pictograma meniului de accesibilitate care apare \u00een dreapta paginii.<\/p>\n<h3>Aici, pentru dumneavoastr\u0103<\/h3>\n<p>Dac\u0103 \u00eent\u00e2mpina\u021bi dificult\u0103\u021bi cu orice con\u021binut de pe site-ul <a href=\"http:\/\/www.caritas.hospital\">http:\/\/www<\/a><a href=\"http:\/\/www.caritas.hospital\">.caritas.hospital<\/a>\u00a0sau dac\u0103 ave\u021bi nevoie de asisten\u021b\u0103 cu orice parte a site-ului nostru, v\u0103 rug\u0103m s\u0103 ne contacta\u021bi, a\u0219a cum este detaliat mai jos \u0219i vom fi bucuro\u0219i s\u0103 v\u0103 ajut\u0103m.<\/p>\n<h3>Contact<\/h3>\n<p>Dac\u0103 dori\u021bi s\u0103 raporta\u021bi o problem\u0103 de accesibilitate, ave\u021bi \u00eentreb\u0103ri sau ave\u021bi nevoie de asisten\u021b\u0103, v\u0103 rug\u0103m s\u0103 contacta\u021bi la adresa de e-mail: <a href=\"mailto:caritasrosiori@gmail.com\">caritasrosiori@gmail.com <\/a><\/p>\n<p><strong>Program de lucru\u00a0Spitalul Municipal CARITAS \u2013 Rosiori de Vede:\u00a0<\/strong><strong>NON-STOP<\/strong><\/p>\n<p><strong>Adresa:\u00a0<\/strong>Str. Carpati, Nr. 33, Rosiori de Vede, Teleorman<\/p>\n","protected":false},"excerpt":{"rendered":"<p>General Spitalul Municipal Caritas \u2013 Rosiori de Vede, prin site-ul\u00a0http:\/\/www.caritas.hospital se str\u0103duie\u0219te s\u0103 se asigure c\u0103 serviciile sale sunt accesibile pentru persoanele cu dizabilit\u0103\u021bi. Se fac eforturi continue pentru a ajuta la asigurarea faptului c\u0103 acesta este mai u\u0219or de utilizat \u0219i mai accesibil pentru aceste persoane. Accesibilitate Site-ul http:\/\/www.caritas.hospital\u00a0este alimentat de un server de [&hellip;]<\/p>\n","protected":false},"author":1,"featured_media":0,"parent":0,"menu_order":0,"comment_status":"closed","ping_status":"closed","template":"","meta":{"footnotes":""},"class_list":["post-98","page","type-page","status-publish","hentry"],"jetpack_sharing_enabled":true,"_links":{"self":[{"href":"https:\/\/caritas.hospital\/index.php\/wp-json\/wp\/v2\/pages\/98","targetHints":{"allow":["GET"]}}],"collection":[{"href":"https:\/\/caritas.hospital\/index.php\/wp-json\/wp\/v2\/pages"}],"about":[{"href":"https:\/\/caritas.hospital\/index.php\/wp-json\/wp\/v2\/types\/page"}],"author":[{"embeddable":true,"href":"https:\/\/caritas.hospital\/index.php\/wp-json\/wp\/v2\/users\/1"}],"replies":[{"embeddable":true,"href":"https:\/\/caritas.hospital\/index.php\/wp-json\/wp\/v2\/comments?post=98"}],"version-history":[{"count":5,"href":"https:\/\/caritas.hospital\/index.php\/wp-json\/wp\/v2\/pages\/98\/revisions"}],"predecessor-version":[{"id":1262,"href":"https:\/\/caritas.hospital\/index.php\/wp-json\/wp\/v2\/pages\/98\/revisions\/1262"}],"wp:attachment":[{"href":"https:\/\/caritas.hospital\/index.php\/wp-json\/wp\/v2\/media?parent=98"}],"curies":[{"name":"wp","href":"https:\/\/api.w.org\/{rel}","templated":true}]}}